{"id":7558,"date":"2023-07-21T13:03:26","date_gmt":"2023-07-21T10:03:26","guid":{"rendered":"https:\/\/footbalance.com.tr\/?page_id=7558"},"modified":"2023-08-22T02:51:57","modified_gmt":"2023-08-21T23:51:57","slug":"contact","status":"publish","type":"page","link":"https:\/\/footbalance.com.tr\/en\/contact\/","title":{"rendered":"Contact"},"content":{"rendered":"\t\t<div data-elementor-type=\"wp-page\" data-elementor-id=\"7558\" class=\"elementor elementor-7558\">\n\t\t\t\t\t\t\t\t\t<section class=\"elementor-section elementor-top-section elementor-element elementor-element-2a10c17 elementor-section-boxed elementor-section-height-default elementor-section-height-default\" data-id=\"2a10c17\" data-element_type=\"section\" data-settings=\"{&quot;background_background&quot;:&quot;classic&quot;}\">\n\t\t\t\t\t\t<div class=\"elementor-container elementor-column-gap-default\">\n\t\t\t\t\t<div class=\"elementor-column elementor-col-100 elementor-top-column elementor-element elementor-element-90b2fc3\" data-id=\"90b2fc3\" data-element_type=\"column\" data-settings=\"{&quot;background_background&quot;:&quot;classic&quot;}\">\n\t\t\t<div class=\"elementor-widget-wrap elementor-element-populated\">\n\t\t\t\t\t\t\t\t<section class=\"elementor-section elementor-inner-section elementor-element elementor-element-9708f25 elementor-section-boxed elementor-section-height-default elementor-section-height-default\" data-id=\"9708f25\" data-element_type=\"section\">\n\t\t\t\t\t\t<div class=\"elementor-container elementor-column-gap-default\">\n\t\t\t\t\t<div class=\"elementor-column elementor-col-50 elementor-inner-column elementor-element elementor-element-031aae0\" data-id=\"031aae0\" data-element_type=\"column\">\n\t\t\t<div class=\"elementor-widget-wrap elementor-element-populated\">\n\t\t\t\t\t\t\t\t<div class=\"elementor-element elementor-element-dcb8249 elementor-widget elementor-widget-heading\" data-id=\"dcb8249\" data-element_type=\"widget\" data-widget_type=\"heading.default\">\n\t\t\t\t<div class=\"elementor-widget-container\">\n\t\t\t<style>\/*! elementor - v3.11.5 - 14-03-2023 *\/\n.elementor-heading-title{padding:0;margin:0;line-height:1}.elementor-widget-heading .elementor-heading-title[class*=elementor-size-]>a{color:inherit;font-size:inherit;line-height:inherit}.elementor-widget-heading .elementor-heading-title.elementor-size-small{font-size:15px}.elementor-widget-heading .elementor-heading-title.elementor-size-medium{font-size:19px}.elementor-widget-heading .elementor-heading-title.elementor-size-large{font-size:29px}.elementor-widget-heading .elementor-heading-title.elementor-size-xl{font-size:39px}.elementor-widget-heading .elementor-heading-title.elementor-size-xxl{font-size:59px}<\/style><h2 class=\"elementor-heading-title elementor-size-default\">FootBalance T\u00fcrkiye\nHead Office<\/h2>\t\t<\/div>\n\t\t\t\t<\/div>\n\t\t\t\t<div class=\"elementor-element elementor-element-4c392f2 elementor-view-stacked elementor-position-left elementor-vertical-align-middle elementor-widget__width-auto elementor-mobile-position-left elementor-shape-circle elementor-widget elementor-widget-icon-box\" data-id=\"4c392f2\" data-element_type=\"widget\" data-widget_type=\"icon-box.default\">\n\t\t\t\t<div class=\"elementor-widget-container\">\n\t\t\t<link rel=\"stylesheet\" href=\"https:\/\/footbalance.com.tr\/wp-content\/plugins\/elementor\/assets\/css\/widget-icon-box.min.css\">\t\t<div class=\"elementor-icon-box-wrapper\">\n\t\t\t\t\t\t<div class=\"elementor-icon-box-icon\">\n\t\t\t\t<span class=\"elementor-icon elementor-animation-\" >\n\t\t\t\t<svg xmlns=\"http:\/\/www.w3.org\/2000\/svg\" id=\"icon\" width=\"32\" height=\"32\" viewBox=\"0 0 32 32\"><defs><style>      .cls-1 {        fill: none;      }    <\/style><\/defs><path d=\"M24,13H22a3.0033,3.0033,0,0,0-3-3V8A5.0057,5.0057,0,0,1,24,13Z\" transform=\"translate(0)\"><\/path><path d=\"M28,13H26a7.0078,7.0078,0,0,0-7-7V4A9.01,9.01,0,0,1,28,13Z\" transform=\"translate(0)\"><\/path><path d=\"M20.3333,21.4823l2.24-2.24a2.1667,2.1667,0,0,1,2.3368-.48l2.7281,1.0913A2.1666,2.1666,0,0,1,29,21.8659v4.9613a2.1668,2.1668,0,0,1-2.2843,2.1686C7.5938,27.8054,3.7321,11.6114,3.0146,5.4079A2.162,2.162,0,0,1,5.1692,3H10.042a2.1666,2.1666,0,0,1,2.0117,1.362L13.145,7.09a2.1666,2.1666,0,0,1-.48,2.3367l-2.24,2.24S11.6667,20.399,20.3333,21.4823Z\" transform=\"translate(0)\"><\/path><rect id=\"_Transparent_Rectangle_\" data-name=\"&lt;Transparent Rectangle&gt;\" class=\"cls-1\" width=\"32\" height=\"32\"><\/rect><\/svg>\t\t\t\t<\/span>\n\t\t\t<\/div>\n\t\t\t\t\t\t<div class=\"elementor-icon-box-content\">\n\t\t\t\t<h3 class=\"elementor-icon-box-title\">\n\t\t\t\t\t<span  >\n\t\t\t\t\t\t+(90) 212 325 88 51\t\t\t\t\t<\/span>\n\t\t\t\t<\/h3>\n\t\t\t\t\t\t\t<\/div>\n\t\t<\/div>\n\t\t\t\t<\/div>\n\t\t\t\t<\/div>\n\t\t\t\t<div class=\"elementor-element elementor-element-6064e7e elementor-view-stacked elementor-position-left elementor-vertical-align-middle elementor-widget__width-auto elementor-mobile-position-left elementor-shape-circle elementor-widget elementor-widget-icon-box\" data-id=\"6064e7e\" data-element_type=\"widget\" data-widget_type=\"icon-box.default\">\n\t\t\t\t<div class=\"elementor-widget-container\">\n\t\t\t\t\t<div class=\"elementor-icon-box-wrapper\">\n\t\t\t\t\t\t<div class=\"elementor-icon-box-icon\">\n\t\t\t\t<span class=\"elementor-icon elementor-animation-\" >\n\t\t\t\t<i aria-hidden=\"true\" class=\"fas fa-envelope\"><\/i>\t\t\t\t<\/span>\n\t\t\t<\/div>\n\t\t\t\t\t\t<div class=\"elementor-icon-box-content\">\n\t\t\t\t<h3 class=\"elementor-icon-box-title\">\n\t\t\t\t\t<span  >\n\t\t\t\t\t\tinfo@onbrands.com.tr\t\t\t\t\t<\/span>\n\t\t\t\t<\/h3>\n\t\t\t\t\t\t\t<\/div>\n\t\t<\/div>\n\t\t\t\t<\/div>\n\t\t\t\t<\/div>\n\t\t\t\t<div class=\"elementor-element elementor-element-05ab105 elementor-view-stacked elementor-position-left elementor-vertical-align-middle elementor-widget__width-inherit elementor-mobile-position-left elementor-shape-circle elementor-widget elementor-widget-icon-box\" data-id=\"05ab105\" data-element_type=\"widget\" data-widget_type=\"icon-box.default\">\n\t\t\t\t<div class=\"elementor-widget-container\">\n\t\t\t\t\t<div class=\"elementor-icon-box-wrapper\">\n\t\t\t\t\t\t<div class=\"elementor-icon-box-icon\">\n\t\t\t\t<span class=\"elementor-icon elementor-animation-\" >\n\t\t\t\t<svg xmlns=\"http:\/\/www.w3.org\/2000\/svg\" id=\"icon\" width=\"32\" height=\"32\" viewBox=\"0 0 32 32\"><defs><style>      .cls-1 {        fill: none;      }    <\/style><\/defs><path d=\"M16,2A11.0134,11.0134,0,0,0,5,13a10.8885,10.8885,0,0,0,2.2163,6.6s.3.3945.3482.4517L16,30l8.439-9.9526c.0444-.0533.3447-.4478.3447-.4478l.0015-.0024A10.8846,10.8846,0,0,0,27,13,11.0134,11.0134,0,0,0,16,2Zm0,15a4,4,0,1,1,4-4A4.0045,4.0045,0,0,1,16,17Z\"><\/path><circle id=\"_Inner-Path_\" data-name=\"&lt;Inner-Path&gt;\" class=\"cls-1\" cx=\"16\" cy=\"13\" r=\"4\"><\/circle><rect id=\"_Transparent_Rectangle_\" data-name=\"&lt;Transparent Rectangle&gt;\" class=\"cls-1\" width=\"32\" height=\"32\"><\/rect><\/svg>\t\t\t\t<\/span>\n\t\t\t<\/div>\n\t\t\t\t\t\t<div class=\"elementor-icon-box-content\">\n\t\t\t\t<h3 class=\"elementor-icon-box-title\">\n\t\t\t\t\t<span  >\n\t\t\t\t\t\tEsentepe Mahallesi, Atom Sok. No:20, <br>Kanyon Apt. Kat:3 Daire: 5 \u015ei\u015fli \/ \u0130STANBUL\t\t\t\t\t<\/span>\n\t\t\t\t<\/h3>\n\t\t\t\t\t\t\t<\/div>\n\t\t<\/div>\n\t\t\t\t<\/div>\n\t\t\t\t<\/div>\n\t\t\t\t<div class=\"elementor-element elementor-element-0c8118d elementor-mobile-align-justify elementor-widget elementor-widget-button\" data-id=\"0c8118d\" data-element_type=\"widget\" data-widget_type=\"button.default\">\n\t\t\t\t<div class=\"elementor-widget-container\">\n\t\t\t\t\t<div class=\"elementor-button-wrapper\">\n\t\t\t<a href=\"https:\/\/www.google.com\/maps\/place\/FootBalance+Ki%C5%9Fiye+%C3%96zel+Ortopedik+Tabanl%C4%B1k\/@41.078253,29.008471,15z\/data=!4m2!3m1!1s0x0:0xe655c0e0c1619aa5?sa=X&#038;ved=2ahUKEwj8l8LAt4-AAxWZQfEDHWLPAocQ_BJ6BAhYEAA&#038;ved=2ahUKEwj8l8LAt4-AAxWZQfEDHWLPAocQ_BJ6BAhtEAg\" target=\"_blank\" class=\"elementor-button-link elementor-button elementor-size-sm\" role=\"button\">\n\t\t\t\t\t\t<span class=\"elementor-button-content-wrapper\">\n\t\t\t\t\t\t\t<span class=\"elementor-button-icon elementor-align-icon-right\">\n\t\t\t\t<i aria-hidden=\"true\" class=\"fas fa-sign-in-alt\"><\/i>\t\t\t<\/span>\n\t\t\t\t\t\t<span class=\"elementor-button-text\">Get Directions<\/span>\n\t\t<\/span>\n\t\t\t\t\t<\/a>\n\t\t<\/div>\n\t\t\t\t<\/div>\n\t\t\t\t<\/div>\n\t\t\t\t<div class=\"elementor-element elementor-element-f78fb9f elementor-position-left elementor-vertical-align-middle elementor-widget__width-auto elementor-view-default elementor-mobile-position-top elementor-widget elementor-widget-icon-box\" data-id=\"f78fb9f\" data-element_type=\"widget\" data-widget_type=\"icon-box.default\">\n\t\t\t\t<div class=\"elementor-widget-container\">\n\t\t\t\t\t<div class=\"elementor-icon-box-wrapper\">\n\t\t\t\t\t\t<div class=\"elementor-icon-box-icon\">\n\t\t\t\t<span class=\"elementor-icon elementor-animation-\" >\n\t\t\t\t<i aria-hidden=\"true\" class=\"fas fa-clock\"><\/i>\t\t\t\t<\/span>\n\t\t\t<\/div>\n\t\t\t\t\t\t<div class=\"elementor-icon-box-content\">\n\t\t\t\t<h3 class=\"elementor-icon-box-title\">\n\t\t\t\t\t<span  >\n\t\t\t\t\t\tWorking Hours: Weekdays : 09:00 - 19:00 Saturday : 10:00 - 17:00\t\t\t\t\t<\/span>\n\t\t\t\t<\/h3>\n\t\t\t\t\t\t\t<\/div>\n\t\t<\/div>\n\t\t\t\t<\/div>\n\t\t\t\t<\/div>\n\t\t\t\t\t<\/div>\n\t\t<\/div>\n\t\t\t\t<div class=\"elementor-column elementor-col-50 elementor-inner-column elementor-element elementor-element-b30e669\" data-id=\"b30e669\" data-element_type=\"column\">\n\t\t\t<div class=\"elementor-widget-wrap elementor-element-populated\">\n\t\t\t\t\t\t\t\t<div class=\"elementor-element elementor-element-74793e6 elementor-widget elementor-widget-shortcode\" data-id=\"74793e6\" data-element_type=\"widget\" data-widget_type=\"shortcode.default\">\n\t\t\t\t<div class=\"elementor-widget-container\">\n\t\t\t\t\t<div class=\"elementor-shortcode\"><div id=\"quform-364f91\" class=\"quform quform-5 quform-theme-simple quform-support-page-caching\"><form id=\"quform-form-364f91\" class=\"quform-form quform-form-5\" action=\"\/en\/wp-json\/wp\/v2\/pages\/7558#quform-364f91\" method=\"post\" enctype=\"multipart\/form-data\" novalidate=\"novalidate\" data-options=\"{&quot;id&quot;:5,&quot;uniqueId&quot;:&quot;364f91&quot;,&quot;theme&quot;:&quot;simple&quot;,&quot;ajax&quot;:true,&quot;logic&quot;:{&quot;logic&quot;:[],&quot;dependents&quot;:[],&quot;elementIds&quot;:[],&quot;dependentElementIds&quot;:[],&quot;animate&quot;:true},&quot;currentPageId&quot;:1,&quot;errorsIcon&quot;:&quot;&quot;,&quot;updateFancybox&quot;:true,&quot;hasPages&quot;:false,&quot;pages&quot;:[1],&quot;pageProgressType&quot;:&quot;numbers&quot;,&quot;tooltipsEnabled&quot;:true,&quot;tooltipClasses&quot;:&quot;qtip-quform-dark qtip-shadow&quot;,&quot;tooltipMy&quot;:&quot;left center&quot;,&quot;tooltipAt&quot;:&quot;right center&quot;,&quot;isRtl&quot;:false,&quot;scrollOffset&quot;:-50,&quot;scrollSpeed&quot;:800}\"><button class=\"quform-default-submit\" name=\"quform_submit\" type=\"submit\" value=\"submit\" aria-hidden=\"true\" tabindex=\"-1\"><\/button><div class=\"quform-form-inner quform-form-inner-5\"><input type=\"hidden\" name=\"quform_form_id\" value=\"5\" \/><input type=\"hidden\" name=\"quform_form_uid\" value=\"364f91\" \/><input type=\"hidden\" name=\"quform_count\" value=\"1\" \/><input type=\"hidden\" name=\"form_url\" value=\"https:\/\/footbalance.com.tr\/en\/wp-json\/wp\/v2\/pages\/7558\" \/><input type=\"hidden\" name=\"referring_url\" value=\"\" \/><input type=\"hidden\" name=\"post_id\" value=\"\" \/><input type=\"hidden\" name=\"post_title\" value=\"\" \/><input type=\"hidden\" name=\"quform_current_page_id\" value=\"1\" \/><input type=\"hidden\" name=\"quform_csrf_token\" value=\"w2qpz8g1atYpL7ubCxVnELedvqmCoOcAFtWr9ugL\" \/><div class=\"quform-elements quform-elements-5 quform-cf quform-responsive-elements-phone-landscape\"><div class=\"quform-element quform-element-page quform-page-1 quform-page-5_1 quform-cf quform-group-style-plain quform-first-page quform-last-page quform-current-page\"><div class=\"quform-child-elements\"><div class=\"quform-element quform-element-row quform-element-row-5_4 quform-2-columns quform-element-row-size-fixed quform-responsive-columns-phone-landscape\"><div class=\"quform-element quform-element-column quform-element-5_5\"><div class=\"quform-element quform-element-text quform-element-5_3 quform-cf quform-element-required\"><div class=\"quform-spacer\"><div class=\"quform-inner quform-inner-text quform-inner-5_3 quform-field-size-fat\"><div class=\"quform-input quform-input-text quform-input-5_3 quform-cf\"><input type=\"text\" id=\"quform_5_3_364f91\" name=\"quform_5_3\" class=\"quform-field quform-field-text quform-field-5_3\" placeholder=\"Name\" \/><\/div><\/div><\/div><\/div><\/div><div class=\"quform-element quform-element-column quform-element-5_6\"><div class=\"quform-element quform-element-text quform-element-5_7 quform-cf quform-element-required\"><div class=\"quform-spacer\"><div class=\"quform-inner quform-inner-text quform-inner-5_7 quform-field-size-fat\"><div class=\"quform-input quform-input-text quform-input-5_7 quform-cf\"><input type=\"text\" id=\"quform_5_7_364f91\" name=\"quform_5_7\" class=\"quform-field quform-field-text quform-field-5_7\" placeholder=\"E-Mail\" \/><\/div><\/div><\/div><\/div><\/div><\/div><div class=\"quform-element quform-element-row quform-element-row-5_8 quform-2-columns quform-element-row-size-fixed quform-responsive-columns-phone-landscape\"><div class=\"quform-element quform-element-column quform-element-5_9\"><div class=\"quform-element quform-element-text quform-element-5_10 quform-cf quform-element-required\"><div class=\"quform-spacer\"><div class=\"quform-inner quform-inner-text quform-inner-5_10 quform-field-size-fat\"><div class=\"quform-input quform-input-text quform-input-5_10 quform-cf\"><input type=\"text\" id=\"quform_5_10_364f91\" name=\"quform_5_10\" class=\"quform-field quform-field-text quform-field-5_10\" placeholder=\"Phone\" \/><\/div><\/div><\/div><\/div><\/div><div class=\"quform-element quform-element-column quform-element-5_11\"><div class=\"quform-element quform-element-select quform-element-5_17 quform-cf quform-element-required\"><div class=\"quform-spacer\"><div class=\"quform-inner quform-inner-select quform-inner-5_17 quform-field-size-fat\"><div class=\"quform-input quform-input-select quform-input-5_17 quform-cf\"><select id=\"quform_5_17_364f91\" name=\"quform_5_17\" class=\"quform-field quform-field-select quform-field-5_17\"><option value=\"\" selected=\"selected\">Subject<\/option><option value=\"Appointment Request\">Appointment Request<\/option><option value=\"Feedback\">Feedback<\/option><option value=\"Partnership\">Partnership<\/option><option value=\"Other\">Other<\/option><\/select><\/div><\/div><\/div><\/div><\/div><\/div><div class=\"quform-element quform-element-select quform-element-5_24 quform-cf quform-element-required\"><div class=\"quform-spacer\"><div class=\"quform-inner quform-inner-select quform-inner-5_24 quform-field-size-fat\"><div class=\"quform-input quform-input-select quform-input-5_24 quform-cf\"><select id=\"quform_5_24_364f91\" name=\"quform_5_24\" class=\"quform-field quform-field-select quform-field-5_24\"><option value=\"\" selected=\"selected\">Select Your City<\/option><option value=\"Adana\">Adana<\/option><option value=\"Ad\u0131yaman\">Ad\u0131yaman<\/option><option value=\"Afyonkarahisar\">Afyonkarahisar<\/option><option value=\"A\u011fr\u0131\">A\u011fr\u0131<\/option><option value=\"Aksaray\">Aksaray<\/option><option value=\"Amasya\">Amasya<\/option><option value=\"Ankara\">Ankara<\/option><option value=\"Antalya\">Antalya<\/option><option value=\"Ardahan\">Ardahan<\/option><option value=\"Artvin\">Artvin<\/option><option value=\"Ayd\u0131n\">Ayd\u0131n<\/option><option value=\"Bal\u0131kesir\">Bal\u0131kesir<\/option><option value=\"Bart\u0131n\">Bart\u0131n<\/option><option value=\"Batman\">Batman<\/option><option value=\"Bayburt\">Bayburt<\/option><option value=\"Bilecik\">Bilecik<\/option><option value=\"Bing\u00f6l\">Bing\u00f6l<\/option><option value=\"Bitlis\">Bitlis<\/option><option value=\"Bolu\">Bolu<\/option><option value=\"Burdur\">Burdur<\/option><option value=\"Bursa\">Bursa<\/option><option value=\"\u00c7anakkale\">\u00c7anakkale<\/option><option value=\"\u00c7ank\u0131r\u0131\">\u00c7ank\u0131r\u0131<\/option><option value=\"\u00c7orum\">\u00c7orum<\/option><option value=\"Denizli\">Denizli<\/option><option value=\"Diyarbak\u0131r\">Diyarbak\u0131r<\/option><option value=\"D\u00fczce\">D\u00fczce<\/option><option value=\"Edirne\">Edirne<\/option><option value=\"Elaz\u0131\u011f\">Elaz\u0131\u011f<\/option><option value=\"Erzincan\">Erzincan<\/option><option value=\"Erzurum\">Erzurum<\/option><option value=\"Eski\u015fehir\">Eski\u015fehir<\/option><option value=\"Gaziantep\">Gaziantep<\/option><option value=\"Giresun\">Giresun<\/option><option value=\"G\u00fcm\u00fc\u015fhane\">G\u00fcm\u00fc\u015fhane<\/option><option value=\"Hakk\u00e2ri\">Hakk\u00e2ri<\/option><option value=\"Hatay\">Hatay<\/option><option value=\"I\u011fd\u0131r\">I\u011fd\u0131r<\/option><option value=\"Isparta\">Isparta<\/option><option value=\"\u0130stanbul\">\u0130stanbul<\/option><option value=\"\u0130zmir\">\u0130zmir<\/option><option value=\"Kahramanmara\u015f\">Kahramanmara\u015f<\/option><option value=\"Karab\u00fck\">Karab\u00fck<\/option><option value=\"Karaman\">Karaman<\/option><option value=\"Kars\">Kars<\/option><option value=\"Kastamonu\">Kastamonu<\/option><option value=\"Kayseri\">Kayseri<\/option><option value=\"Kilis\">Kilis<\/option><option value=\"K\u0131r\u0131kkale\">K\u0131r\u0131kkale<\/option><option value=\"K\u0131rklareli\">K\u0131rklareli<\/option><option value=\"K\u0131r\u015fehir\">K\u0131r\u015fehir<\/option><option value=\"Kocaeli\">Kocaeli<\/option><option value=\"Konya\">Konya<\/option><option value=\"K\u00fctahya\">K\u00fctahya<\/option><option value=\"Malatya\">Malatya<\/option><option value=\"Manisa\">Manisa<\/option><option value=\"Mardin\">Mardin<\/option><option value=\"Mersin\">Mersin<\/option><option value=\"Mu\u011fla\">Mu\u011fla<\/option><option value=\"Mu\u015f\">Mu\u015f<\/option><option value=\"Nev\u015fehir\">Nev\u015fehir<\/option><option value=\"Ni\u011fde\">Ni\u011fde<\/option><option value=\"Ordu\">Ordu<\/option><option value=\"Osmaniye\">Osmaniye<\/option><option value=\"Rize\">Rize<\/option><option value=\"Sakarya\">Sakarya<\/option><option value=\"Samsun\">Samsun<\/option><option value=\"\u015eanl\u0131urfa\">\u015eanl\u0131urfa<\/option><option value=\"Siirt\">Siirt<\/option><option value=\"Sinop\">Sinop<\/option><option value=\"Sivas\">Sivas<\/option><option value=\"\u015e\u0131rnak\">\u015e\u0131rnak<\/option><option value=\"Tekirda\u011f\">Tekirda\u011f<\/option><option value=\"Tokat\">Tokat<\/option><option value=\"Trabzon\">Trabzon<\/option><option value=\"Tunceli\">Tunceli<\/option><option value=\"U\u015fak\">U\u015fak<\/option><option value=\"Van\">Van<\/option><option value=\"Yalova\">Yalova<\/option><option value=\"Yozgat\">Yozgat<\/option><option value=\"Zonguldak\">Zonguldak<\/option><\/select><\/div><\/div><\/div><\/div><div class=\"quform-element quform-element-textarea quform-element-5_18 quform-cf quform-element-required\"><div class=\"quform-spacer\"><div class=\"quform-inner quform-inner-textarea quform-inner-5_18 quform-field-size-fat\"><div class=\"quform-input quform-input-textarea quform-input-5_18 quform-cf\"><textarea id=\"quform_5_18_364f91\" name=\"quform_5_18\" class=\"quform-field quform-field-textarea quform-field-5_18\" placeholder=\"Write Your Message Here...\"><\/textarea><\/div><\/div><\/div><\/div><div class=\"quform-element quform-element-recaptcha quform-element-5_26 quform-cf quform-element-required\"><div class=\"quform-spacer\"><div class=\"quform-label quform-label-5_26\"><label class=\"quform-label-text\">Security<span class=\"quform-required\">*<\/span><\/label><\/div><div class=\"quform-inner quform-inner-recaptcha quform-inner-5_26 quform-field-size-fat\"><div class=\"quform-input quform-input-recaptcha quform-input-5_26 quform-cf\"><div class=\"quform-turnstile\" data-config=\"{&quot;sitekey&quot;:&quot;0x4AAAAAAAe2b9eSGTqNEFP2&quot;,&quot;size&quot;:&quot;normal&quot;,&quot;theme&quot;:&quot;light&quot;}\"><\/div><noscript>Please enable JavaScript to submit this form.<\/noscript><\/div><\/div><\/div><\/div><div class=\"quform-element quform-element-submit quform-element-5_2 quform-cf quform-button-style-theme quform-button-size-fat quform-button-width-full\"><div class=\"quform-button-submit quform-button-submit-default quform-button-submit-5_2\"><button name=\"quform_submit\" type=\"submit\" class=\"quform-submit\" value=\"submit\"><span class=\"quform-button-text quform-button-submit-text\">Send Message<\/span><\/button><\/div><div class=\"quform-loading quform-loading-position-left quform-loading-type-spinner-1\"><div class=\"quform-loading-inner\"><div class=\"quform-loading-spinner\"><div class=\"quform-loading-spinner-inner\"><\/div><\/div><\/div><\/div><\/div><div class=\"quform-element-tree\"><label for=\"quform_5_0_364f91\">This field should be left blank<\/label><input type=\"text\" id=\"quform_5_0_364f91\" name=\"quform_5_0\" class=\"quform-field quform-field-tree quform-field-5_0\" tabindex=\"-1\" autocomplete=\"off\" \/><\/div><\/div><\/div><\/div><\/div><\/form><\/div><\/div>\n\t\t\t\t<\/div>\n\t\t\t\t<\/div>\n\t\t\t\t\t<\/div>\n\t\t<\/div>\n\t\t\t\t\t\t\t<\/div>\n\t\t<\/section>\n\t\t\t\t\t<\/div>\n\t\t<\/div>\n\t\t\t\t\t\t\t<\/div>\n\t\t<\/section>\n\t\t\t\t\t\t\t<\/div>\n\t\t","protected":false},"excerpt":{"rendered":"<p>FootBalance T\u00fcrkiye Head Office &nbsp; &nbsp; +(90) 212 325 88 51 info@onbrands.com.tr &nbsp; &nbsp; Esentepe Mahallesi, Atom Sok. No:20, Kanyon Apt. Kat:3 Daire: 5 \u015ei\u015fli \/ \u0130STANBUL Get Directions Working Hours: Weekdays : 09:00 &#8211; 19:00 Saturday : 10:00 &#8211; 17:00<\/p>\n","protected":false},"author":1,"featured_media":0,"parent":0,"menu_order":0,"comment_status":"closed","ping_status":"closed","template":"","meta":[],"_links":{"self":[{"href":"https:\/\/footbalance.com.tr\/en\/wp-json\/wp\/v2\/pages\/7558"}],"collection":[{"href":"https:\/\/footbalance.com.tr\/en\/wp-json\/wp\/v2\/pages"}],"about":[{"href":"https:\/\/footbalance.com.tr\/en\/wp-json\/wp\/v2\/types\/page"}],"author":[{"embeddable":true,"href":"https:\/\/footbalance.com.tr\/en\/wp-json\/wp\/v2\/users\/1"}],"replies":[{"embeddable":true,"href":"https:\/\/footbalance.com.tr\/en\/wp-json\/wp\/v2\/comments?post=7558"}],"version-history":[{"count":1,"href":"https:\/\/footbalance.com.tr\/en\/wp-json\/wp\/v2\/pages\/7558\/revisions"}],"predecessor-version":[{"id":8056,"href":"https:\/\/footbalance.com.tr\/en\/wp-json\/wp\/v2\/pages\/7558\/revisions\/8056"}],"wp:attachment":[{"href":"https:\/\/footbalance.com.tr\/en\/wp-json\/wp\/v2\/media?parent=7558"}],"curies":[{"name":"wp","href":"https:\/\/api.w.org\/{rel}","templated":true}]}}